{"id":1056,"date":"2022-07-16T23:48:43","date_gmt":"2022-07-16T21:48:43","guid":{"rendered":"https:\/\/www.antoonvandyck-brasserie.be\/reservatie\/"},"modified":"2024-01-18T20:35:42","modified_gmt":"2024-01-18T19:35:42","slug":"reserve","status":"publish","type":"page","link":"https:\/\/www.antoonvandyck-brasserie.be\/fr\/reserve\/","title":{"rendered":"R\u00e9serve"},"content":{"rendered":"\t\t<div data-elementor-type=\"wp-page\" data-elementor-id=\"1056\" class=\"elementor elementor-1056 elementor-26\">\n\t\t\t\t\t\t\t\t\t<section class=\"elementor-section elementor-top-section elementor-element elementor-element-7b1e782 elementor-section-boxed elementor-section-height-default elementor-section-height-default\" data-id=\"7b1e782\" data-element_type=\"section\">\n\t\t\t\t\t\t<div class=\"elementor-container elementor-column-gap-default\">\n\t\t\t\t\t<div class=\"elementor-column elementor-col-50 elementor-top-column elementor-element elementor-element-4de8434\" data-id=\"4de8434\" data-element_type=\"column\" data-settings=\"{&quot;background_background&quot;:&quot;classic&quot;}\">\n\t\t\t<div class=\"elementor-widget-wrap elementor-element-populated\">\n\t\t\t\t\t\t\t\t<div class=\"elementor-element elementor-element-bd714c6 elementor-widget elementor-widget-heading\" data-id=\"bd714c6\" data-element_type=\"widget\" data-widget_type=\"heading.default\">\n\t\t\t\t<div class=\"elementor-widget-container\">\n\t\t\t<style>\/*! elementor - v3.6.7 - 03-07-2022 *\/\n.elementor-heading-title{padding:0;margin:0;line-height:1}.elementor-widget-heading .elementor-heading-title[class*=elementor-size-]>a{color:inherit;font-size:inherit;line-height:inherit}.elementor-widget-heading .elementor-heading-title.elementor-size-small{font-size:15px}.elementor-widget-heading .elementor-heading-title.elementor-size-medium{font-size:19px}.elementor-widget-heading .elementor-heading-title.elementor-size-large{font-size:29px}.elementor-widget-heading .elementor-heading-title.elementor-size-xl{font-size:39px}.elementor-widget-heading .elementor-heading-title.elementor-size-xxl{font-size:59px}<\/style><div class=\"elementor-heading-title elementor-size-default\">Par t\u00e9l\u00e9phone<\/div>\t\t<\/div>\n\t\t\t\t<\/div>\n\t\t\t\t<div class=\"elementor-element elementor-element-1402538 linku elementor-widget elementor-widget-heading\" data-id=\"1402538\" data-element_type=\"widget\" data-widget_type=\"heading.default\">\n\t\t\t\t<div class=\"elementor-widget-container\">\n\t\t\t<div class=\"elementor-heading-title elementor-size-default\"><a href=\"tel:+3232311883\">+32 323 118 83<\/a><\/div>\t\t<\/div>\n\t\t\t\t<\/div>\n\t\t\t\t<div class=\"elementor-element elementor-element-3dff0a3 elementor-widget elementor-widget-heading\" data-id=\"3dff0a3\" data-element_type=\"widget\" data-widget_type=\"heading.default\">\n\t\t\t\t<div class=\"elementor-widget-container\">\n\t\t\t<h1 class=\"elementor-heading-title elementor-size-default\">R\u00e9servation online<\/h1>\t\t<\/div>\n\t\t\t\t<\/div>\n\t\t\t\t<div class=\"elementor-element elementor-element-cf3908a tablebookerAVD elementor-widget elementor-widget-html\" data-id=\"cf3908a\" data-element_type=\"widget\" data-widget_type=\"html.default\">\n\t\t\t\t<div class=\"elementor-widget-container\">\n\t\t\t<tbkr-bm-widget restaurant-id=\"50475283\" source=\"website\" use-modal=\"0\" lang=\"nl\" theme=\"light\" primary-color=\"#e3312b\"><\/tbkr-bm-widget>\n<script src=\"https:\/\/reservations.tablebooker.com\/tbkr-widget-import.min.js\"><\/script>\t\t<\/div>\n\t\t\t\t<\/div>\n\t\t\t\t<div class=\"elementor-element elementor-element-3d59b75 elementor-hidden-desktop elementor-hidden-tablet elementor-hidden-mobile elementor-widget elementor-widget-heading\" data-id=\"3d59b75\" data-element_type=\"widget\" data-widget_type=\"heading.default\">\n\t\t\t\t<div class=\"elementor-widget-container\">\n\t\t\t<h2 class=\"elementor-heading-title elementor-size-default\">Attention<\/h2>\t\t<\/div>\n\t\t\t\t<\/div>\n\t\t\t\t<div class=\"elementor-element elementor-element-8c63ba3 elementor-hidden-desktop elementor-hidden-tablet elementor-hidden-mobile elementor-widget elementor-widget-text-editor\" data-id=\"8c63ba3\" data-element_type=\"widget\" data-widget_type=\"text-editor.default\">\n\t\t\t\t<div class=\"elementor-widget-container\">\n\t\t\t<style>\/*! elementor - v3.6.7 - 03-07-2022 *\/\n.elementor-widget-text-editor.elementor-drop-cap-view-stacked .elementor-drop-cap{background-color:#818a91;color:#fff}.elementor-widget-text-editor.elementor-drop-cap-view-framed .elementor-drop-cap{color:#818a91;border:3px solid;background-color:transparent}.elementor-widget-text-editor:not(.elementor-drop-cap-view-default) .elementor-drop-cap{margin-top:8px}.elementor-widget-text-editor:not(.elementor-drop-cap-view-default) .elementor-drop-cap-letter{width:1em;height:1em}.elementor-widget-text-editor .elementor-drop-cap{float:left;text-align:center;line-height:1;font-size:50px}.elementor-widget-text-editor .elementor-drop-cap-letter{display:inline-block}<\/style>\t\t\t\t<p>Afin d&#8217;offrir \u00e0 tous un bon service, nous n&#8217;acceptons actuellement que les r\u00e9servations t\u00e9l\u00e9phoniques pour la p\u00e9riode du 22\/12\/2023 au 07\/01\/2024.<\/p><p>Ferm\u00e9 le lundi 25\/12\/2023 et le lundi 01\/01\/2024.<\/p>\t\t\t\t\t\t<\/div>\n\t\t\t\t<\/div>\n\t\t\t\t<div class=\"elementor-element elementor-element-c92db6a elementor-widget elementor-widget-heading\" data-id=\"c92db6a\" data-element_type=\"widget\" data-widget_type=\"heading.default\">\n\t\t\t\t<div class=\"elementor-widget-container\">\n\t\t\t<div class=\"elementor-heading-title elementor-size-default\">Vous avez une question ?<\/div>\t\t<\/div>\n\t\t\t\t<\/div>\n\t\t\t\t<div class=\"elementor-element elementor-element-6ad9895 elementor-align-right elementor-mobile-align-center elementor-widget elementor-widget-button\" data-id=\"6ad9895\" data-element_type=\"widget\" data-widget_type=\"button.default\">\n\t\t\t\t<div class=\"elementor-widget-container\">\n\t\t\t\t\t<div class=\"elementor-button-wrapper\">\n\t\t\t<a href=\"https:\/\/www.antoonvandyck-brasserie.be\/fr\/contact\/\" class=\"elementor-button-link elementor-button elementor-size-sm\" role=\"button\">\n\t\t\t\t\t\t<span class=\"elementor-button-content-wrapper\">\n\t\t\t\t\t\t<span class=\"elementor-button-text\">Contactez-nous<\/span>\n\t\t<\/span>\n\t\t\t\t\t<\/a>\n\t\t<\/div>\n\t\t\t\t<\/div>\n\t\t\t\t<\/div>\n\t\t\t\t\t<\/div>\n\t\t<\/div>\n\t\t\t\t<div class=\"elementor-column elementor-col-50 elementor-top-column elementor-element elementor-element-88299ba\" data-id=\"88299ba\" data-element_type=\"column\">\n\t\t\t<div class=\"elementor-widget-wrap elementor-element-populated\">\n\t\t\t\t\t\t\t\t<div class=\"elementor-element elementor-element-74a66db elementor-widget elementor-widget-image\" data-id=\"74a66db\" data-element_type=\"widget\" data-widget_type=\"image.default\">\n\t\t\t\t<div class=\"elementor-widget-container\">\n\t\t\t<style>\/*! elementor - v3.6.7 - 03-07-2022 *\/\n.elementor-widget-image{text-align:center}.elementor-widget-image a{display:inline-block}.elementor-widget-image a img[src$=\".svg\"]{width:48px}.elementor-widget-image img{vertical-align:middle;display:inline-block}<\/style>\t\t\t\t\t\t\t\t\t\t\t\t<img width=\"682\" height=\"1024\" src=\"https:\/\/www.antoonvandyck-brasserie.be\/wp-content\/uploads\/2022\/07\/antoonvandyck-brasserie-afbeelding10-682x1024.jpeg\" class=\"attachment-large size-large\" alt=\"ANTOON VAN DYCK - BRASSERIE - R\u00e9servation\" srcset=\"https:\/\/www.antoonvandyck-brasserie.be\/wp-content\/uploads\/2022\/07\/antoonvandyck-brasserie-afbeelding10-682x1024.jpeg 682w, https:\/\/www.antoonvandyck-brasserie.be\/wp-content\/uploads\/2022\/07\/antoonvandyck-brasserie-afbeelding10-600x900.jpeg 600w, https:\/\/www.antoonvandyck-brasserie.be\/wp-content\/uploads\/2022\/07\/antoonvandyck-brasserie-afbeelding10-200x300.jpeg 200w, https:\/\/www.antoonvandyck-brasserie.be\/wp-content\/uploads\/2022\/07\/antoonvandyck-brasserie-afbeelding10-768x1152.jpeg 768w, https:\/\/www.antoonvandyck-brasserie.be\/wp-content\/uploads\/2022\/07\/antoonvandyck-brasserie-afbeelding10.jpeg 853w\" sizes=\"(max-width: 682px) 100vw, 682px\" \/>\t\t\t\t\t\t\t\t\t\t\t\t\t\t\t<\/div>\n\t\t\t\t<\/div>\n\t\t\t\t\t<\/div>\n\t\t<\/div>\n\t\t\t\t\t\t\t<\/div>\n\t\t<\/section>\n\t\t\t\t\t\t\t<\/div>\n\t\t","protected":false},"excerpt":{"rendered":"<p>Par t\u00e9l\u00e9phone +32 323 118 83 R\u00e9servation online Attention Afin d&#8217;offrir \u00e0 tous un bon service, nous n&#8217;acceptons actuellement que les r\u00e9servations t\u00e9l\u00e9phoniques pour la p\u00e9riode du 22\/12\/2023 au 07\/01\/2024. Ferm\u00e9 le lundi 25\/12\/2023 et le lundi 01\/01\/2024. Vous avez une question ? Contactez-nous<\/p>\n","protected":false},"author":1,"featured_media":947,"parent":0,"menu_order":5,"comment_status":"closed","ping_status":"closed","template":"","meta":[],"yoast_head":"<!-- This site is optimized with the Yoast SEO Premium plugin v18.5 (Yoast SEO v18.9) - https:\/\/yoast.com\/wordpress\/plugins\/seo\/ -->\n<title>R\u00e9serve | ANTOON VAN DYCK BRASSERIE<\/title>\n<meta name=\"description\" content=\"R\u00e9servez en ligne via notre site internet ou par t\u00e9l\u00e9phone via 03 \/ 231 18 83. ANTOON VAN DYCK BRASSERIE - Shopping Stadsfeestzaal, Meir Antwerpen.\" \/>\n<meta name=\"robots\" content=\"index, follow, max-snippet:-1, max-image-preview:large, max-video-preview:-1\" \/>\n<link rel=\"canonical\" href=\"https:\/\/www.antoonvandyck-brasserie.be\/fr\/reserve\/\" \/>\n<meta property=\"og:locale\" content=\"fr_FR\" \/>\n<meta property=\"og:type\" content=\"article\" \/>\n<meta property=\"og:title\" content=\"R\u00e9serve\" \/>\n<meta property=\"og:description\" content=\"R\u00e9servez en ligne via notre site internet ou par t\u00e9l\u00e9phone via 03 \/ 231 18 83. ANTOON VAN DYCK BRASSERIE - Shopping Stadsfeestzaal, Meir Antwerpen.\" \/>\n<meta property=\"og:url\" content=\"https:\/\/www.antoonvandyck-brasserie.be\/fr\/reserve\/\" \/>\n<meta property=\"og:site_name\" content=\"ANTOON VAN DYCK BRASSERIE\" \/>\n<meta property=\"article:publisher\" content=\"https:\/\/www.facebook.com\/AntoonVanDyckBrasserie\/\" \/>\n<meta property=\"article:modified_time\" content=\"2024-01-18T19:35:42+00:00\" \/>\n<meta property=\"og:image\" content=\"https:\/\/www.antoonvandyck-brasserie.be\/wp-content\/uploads\/2022\/07\/antoonvandyck-brasserie-afbeelding10.jpeg\" \/>\n\t<meta property=\"og:image:width\" content=\"853\" \/>\n\t<meta property=\"og:image:height\" content=\"1280\" \/>\n\t<meta property=\"og:image:type\" content=\"image\/jpeg\" \/>\n<meta name=\"twitter:card\" content=\"summary_large_image\" \/>\n<script type=\"application\/ld+json\" class=\"yoast-schema-graph\">{\"@context\":\"https:\/\/schema.org\",\"@graph\":[{\"@type\":\"Organization\",\"@id\":\"https:\/\/www.antoonvandyck-brasserie.be\/#organization\",\"name\":\"ANTOON VAN DYCK - BRASSERIE\",\"url\":\"https:\/\/www.antoonvandyck-brasserie.be\/\",\"sameAs\":[\"https:\/\/www.instagram.com\/antoon_van_dyck_brasserie\/\",\"https:\/\/www.facebook.com\/AntoonVanDyckBrasserie\/\"],\"logo\":{\"@type\":\"ImageObject\",\"inLanguage\":\"fr-FR\",\"@id\":\"https:\/\/www.antoonvandyck-brasserie.be\/#\/schema\/logo\/image\/\",\"url\":\"https:\/\/www.antoonvandyck-brasserie.be\/wp-content\/uploads\/2022\/07\/antoonvandyck-brasserie-logo.jpg\",\"contentUrl\":\"https:\/\/www.antoonvandyck-brasserie.be\/wp-content\/uploads\/2022\/07\/antoonvandyck-brasserie-logo.jpg\",\"width\":911,\"height\":216,\"caption\":\"ANTOON VAN DYCK - BRASSERIE\"},\"image\":{\"@id\":\"https:\/\/www.antoonvandyck-brasserie.be\/#\/schema\/logo\/image\/\"}},{\"@type\":\"WebSite\",\"@id\":\"https:\/\/www.antoonvandyck-brasserie.be\/#website\",\"url\":\"https:\/\/www.antoonvandyck-brasserie.be\/\",\"name\":\"ANTOON VAN DYCK BRASSERIE\",\"description\":\"Kom genieten van een heerlijk gerecht in onze restaurant\",\"publisher\":{\"@id\":\"https:\/\/www.antoonvandyck-brasserie.be\/#organization\"},\"potentialAction\":[{\"@type\":\"SearchAction\",\"target\":{\"@type\":\"EntryPoint\",\"urlTemplate\":\"https:\/\/www.antoonvandyck-brasserie.be\/?s={search_term_string}\"},\"query-input\":\"required name=search_term_string\"}],\"inLanguage\":\"fr-FR\"},{\"@type\":\"ImageObject\",\"inLanguage\":\"fr-FR\",\"@id\":\"https:\/\/www.antoonvandyck-brasserie.be\/fr\/reserve\/#primaryimage\",\"url\":\"https:\/\/www.antoonvandyck-brasserie.be\/wp-content\/uploads\/2022\/07\/antoonvandyck-brasserie-afbeelding10.jpeg\",\"contentUrl\":\"https:\/\/www.antoonvandyck-brasserie.be\/wp-content\/uploads\/2022\/07\/antoonvandyck-brasserie-afbeelding10.jpeg\",\"width\":853,\"height\":1280,\"caption\":\"ANTOON VAN DYCK - BRASSERIE - R\u00e9servation\"},{\"@type\":\"WebPage\",\"@id\":\"https:\/\/www.antoonvandyck-brasserie.be\/fr\/reserve\/#webpage\",\"url\":\"https:\/\/www.antoonvandyck-brasserie.be\/fr\/reserve\/\",\"name\":\"R\u00e9serve | ANTOON VAN DYCK BRASSERIE\",\"isPartOf\":{\"@id\":\"https:\/\/www.antoonvandyck-brasserie.be\/#website\"},\"primaryImageOfPage\":{\"@id\":\"https:\/\/www.antoonvandyck-brasserie.be\/fr\/reserve\/#primaryimage\"},\"datePublished\":\"2022-07-16T21:48:43+00:00\",\"dateModified\":\"2024-01-18T19:35:42+00:00\",\"description\":\"R\u00e9servez en ligne via notre site internet ou par t\u00e9l\u00e9phone via 03 \/ 231 18 83. ANTOON VAN DYCK BRASSERIE - Shopping Stadsfeestzaal, Meir Antwerpen.\",\"breadcrumb\":{\"@id\":\"https:\/\/www.antoonvandyck-brasserie.be\/fr\/reserve\/#breadcrumb\"},\"inLanguage\":\"fr-FR\",\"potentialAction\":[{\"@type\":\"ReadAction\",\"target\":[\"https:\/\/www.antoonvandyck-brasserie.be\/fr\/reserve\/\"]}]},{\"@type\":\"BreadcrumbList\",\"@id\":\"https:\/\/www.antoonvandyck-brasserie.be\/fr\/reserve\/#breadcrumb\",\"itemListElement\":[{\"@type\":\"ListItem\",\"position\":1,\"name\":\"Home\",\"item\":\"https:\/\/www.antoonvandyck-brasserie.be\/fr\/\"},{\"@type\":\"ListItem\",\"position\":2,\"name\":\"R\u00e9serve\"}]}]}<\/script>\n<!-- \/ Yoast SEO Premium plugin. -->","yoast_head_json":{"title":"R\u00e9serve | ANTOON VAN DYCK BRASSERIE","description":"R\u00e9servez en ligne via notre site internet ou par t\u00e9l\u00e9phone via 03 \/ 231 18 83. ANTOON VAN DYCK BRASSERIE - Shopping Stadsfeestzaal, Meir Antwerpen.","robots":{"index":"index","follow":"follow","max-snippet":"max-snippet:-1","max-image-preview":"max-image-preview:large","max-video-preview":"max-video-preview:-1"},"canonical":"https:\/\/www.antoonvandyck-brasserie.be\/fr\/reserve\/","og_locale":"fr_FR","og_type":"article","og_title":"R\u00e9serve","og_description":"R\u00e9servez en ligne via notre site internet ou par t\u00e9l\u00e9phone via 03 \/ 231 18 83. ANTOON VAN DYCK BRASSERIE - Shopping Stadsfeestzaal, Meir Antwerpen.","og_url":"https:\/\/www.antoonvandyck-brasserie.be\/fr\/reserve\/","og_site_name":"ANTOON VAN DYCK BRASSERIE","article_publisher":"https:\/\/www.facebook.com\/AntoonVanDyckBrasserie\/","article_modified_time":"2024-01-18T19:35:42+00:00","og_image":[{"width":853,"height":1280,"url":"https:\/\/www.antoonvandyck-brasserie.be\/wp-content\/uploads\/2022\/07\/antoonvandyck-brasserie-afbeelding10.jpeg","type":"image\/jpeg"}],"twitter_card":"summary_large_image","schema":{"@context":"https:\/\/schema.org","@graph":[{"@type":"Organization","@id":"https:\/\/www.antoonvandyck-brasserie.be\/#organization","name":"ANTOON VAN DYCK - BRASSERIE","url":"https:\/\/www.antoonvandyck-brasserie.be\/","sameAs":["https:\/\/www.instagram.com\/antoon_van_dyck_brasserie\/","https:\/\/www.facebook.com\/AntoonVanDyckBrasserie\/"],"logo":{"@type":"ImageObject","inLanguage":"fr-FR","@id":"https:\/\/www.antoonvandyck-brasserie.be\/#\/schema\/logo\/image\/","url":"https:\/\/www.antoonvandyck-brasserie.be\/wp-content\/uploads\/2022\/07\/antoonvandyck-brasserie-logo.jpg","contentUrl":"https:\/\/www.antoonvandyck-brasserie.be\/wp-content\/uploads\/2022\/07\/antoonvandyck-brasserie-logo.jpg","width":911,"height":216,"caption":"ANTOON VAN DYCK - BRASSERIE"},"image":{"@id":"https:\/\/www.antoonvandyck-brasserie.be\/#\/schema\/logo\/image\/"}},{"@type":"WebSite","@id":"https:\/\/www.antoonvandyck-brasserie.be\/#website","url":"https:\/\/www.antoonvandyck-brasserie.be\/","name":"ANTOON VAN DYCK BRASSERIE","description":"Kom genieten van een heerlijk gerecht in onze restaurant","publisher":{"@id":"https:\/\/www.antoonvandyck-brasserie.be\/#organization"},"potentialAction":[{"@type":"SearchAction","target":{"@type":"EntryPoint","urlTemplate":"https:\/\/www.antoonvandyck-brasserie.be\/?s={search_term_string}"},"query-input":"required name=search_term_string"}],"inLanguage":"fr-FR"},{"@type":"ImageObject","inLanguage":"fr-FR","@id":"https:\/\/www.antoonvandyck-brasserie.be\/fr\/reserve\/#primaryimage","url":"https:\/\/www.antoonvandyck-brasserie.be\/wp-content\/uploads\/2022\/07\/antoonvandyck-brasserie-afbeelding10.jpeg","contentUrl":"https:\/\/www.antoonvandyck-brasserie.be\/wp-content\/uploads\/2022\/07\/antoonvandyck-brasserie-afbeelding10.jpeg","width":853,"height":1280,"caption":"ANTOON VAN DYCK - BRASSERIE - R\u00e9servation"},{"@type":"WebPage","@id":"https:\/\/www.antoonvandyck-brasserie.be\/fr\/reserve\/#webpage","url":"https:\/\/www.antoonvandyck-brasserie.be\/fr\/reserve\/","name":"R\u00e9serve | ANTOON VAN DYCK BRASSERIE","isPartOf":{"@id":"https:\/\/www.antoonvandyck-brasserie.be\/#website"},"primaryImageOfPage":{"@id":"https:\/\/www.antoonvandyck-brasserie.be\/fr\/reserve\/#primaryimage"},"datePublished":"2022-07-16T21:48:43+00:00","dateModified":"2024-01-18T19:35:42+00:00","description":"R\u00e9servez en ligne via notre site internet ou par t\u00e9l\u00e9phone via 03 \/ 231 18 83. ANTOON VAN DYCK BRASSERIE - Shopping Stadsfeestzaal, Meir Antwerpen.","breadcrumb":{"@id":"https:\/\/www.antoonvandyck-brasserie.be\/fr\/reserve\/#breadcrumb"},"inLanguage":"fr-FR","potentialAction":[{"@type":"ReadAction","target":["https:\/\/www.antoonvandyck-brasserie.be\/fr\/reserve\/"]}]},{"@type":"BreadcrumbList","@id":"https:\/\/www.antoonvandyck-brasserie.be\/fr\/reserve\/#breadcrumb","itemListElement":[{"@type":"ListItem","position":1,"name":"Home","item":"https:\/\/www.antoonvandyck-brasserie.be\/fr\/"},{"@type":"ListItem","position":2,"name":"R\u00e9serve"}]}]}},"_links":{"self":[{"href":"https:\/\/www.antoonvandyck-brasserie.be\/fr\/wp-json\/wp\/v2\/pages\/1056"}],"collection":[{"href":"https:\/\/www.antoonvandyck-brasserie.be\/fr\/wp-json\/wp\/v2\/pages"}],"about":[{"href":"https:\/\/www.antoonvandyck-brasserie.be\/fr\/wp-json\/wp\/v2\/types\/page"}],"author":[{"embeddable":true,"href":"https:\/\/www.antoonvandyck-brasserie.be\/fr\/wp-json\/wp\/v2\/users\/1"}],"replies":[{"embeddable":true,"href":"https:\/\/www.antoonvandyck-brasserie.be\/fr\/wp-json\/wp\/v2\/comments?post=1056"}],"version-history":[{"count":5,"href":"https:\/\/www.antoonvandyck-brasserie.be\/fr\/wp-json\/wp\/v2\/pages\/1056\/revisions"}],"predecessor-version":[{"id":1973,"href":"https:\/\/www.antoonvandyck-brasserie.be\/fr\/wp-json\/wp\/v2\/pages\/1056\/revisions\/1973"}],"wp:featuredmedia":[{"embeddable":true,"href":"https:\/\/www.antoonvandyck-brasserie.be\/fr\/wp-json\/wp\/v2\/media\/947"}],"wp:attachment":[{"href":"https:\/\/www.antoonvandyck-brasserie.be\/fr\/wp-json\/wp\/v2\/media?parent=1056"}],"curies":[{"name":"wp","href":"https:\/\/api.w.org\/{rel}","templated":true}]}}